{"id":2600,"date":"2018-06-14T19:52:08","date_gmt":"2018-06-14T17:52:08","guid":{"rendered":"https:\/\/fachanwaelte-berlin.de\/?page_id=2600"},"modified":"2022-11-03T12:37:14","modified_gmt":"2022-11-03T10:37:14","slug":"business-law","status":"publish","type":"page","link":"https:\/\/fachanwaelte-berlin.de\/en\/business-law\/","title":{"rendered":"Lawyers Business Law Berlin"},"content":{"rendered":"<blockquote>\n<p><span style=\"color: #800000;\">&#8220;Manche betrachten die Privatwirtschaft als einen r\u00e4uberischen Tiger, den es zu erlegen gilt. Andere sehen in ihr eine Kuh, die man ununterbrochen melken kann. Nur ganz wenige sehen sie als das, was sie wirklich ist &#8211; das starke Pferd, das den ganzen Wagen zieht.&#8221; &#8211; Zitat Winston Churchill<\/span><\/p>\n<\/blockquote>\n<p style=\"text-align: justify;\">Im Wirtschaftsrecht helfen und weisen wir Ihnen den Weg im Dickicht einer Vielzahl von zu beachtenden Gesetzen und Vorschriften und stehen Ihnen in allen wesentlichen rechtlichen Angelegenheiten bei.<\/p>\n<p style=\"text-align: left;\"><strong><span style=\"font-size: 14pt;\">Unsere Experten f\u00fcr Wirtschaftsrecht:<br \/>\nRechtsanwalt Olav Sydow und Rechtsanw\u00e4ltin Anja Bothe<\/span><\/strong><\/p>\n<table style=\"width: 100%; height: 308px;\">\n<tbody>\n<tr style=\"height: 308px;\">\n<td style=\"height: 308px; width: 49.5238%;\"><a href=\"\/wp-content\/uploads\/2014\/10\/olav-sydow-profil.jpg\"><img loading=\"lazy\" decoding=\"async\" class=\"size-full wp-image-1528 aligncenter\" src=\"\/wp-content\/uploads\/2014\/10\/olav-sydow-profil.jpg\" alt=\"Experte f\u00fcr Arbeitsrecht: Rechtsanwalt Olav Sydow\" width=\"200\" height=\"300\" \/><\/a><\/td>\n<td style=\"height: 308px; width: 49.5238%;\"><a href=\"https:\/\/fachanwaelte-berlin.de\/wp-content\/uploads\/2015\/01\/anja-bothe-profil-hoch-web.jpg\"><img loading=\"lazy\" decoding=\"async\" class=\"wp-image-1672 size-full aligncenter\" src=\"https:\/\/fachanwaelte-berlin.de\/wp-content\/uploads\/2015\/01\/anja-bothe-profil-hoch-web.jpg\" alt=\"Expertin f\u00fcr Arbeitsrecht: Fachanw\u00e4ltin f\u00fcr Arbeitsrecht Anja Bothe\" width=\"200\" height=\"300\" \/><\/a><\/td>\n<\/tr>\n<\/tbody>\n<\/table>\n<p style=\"text-align: justify;\">Bei uns finden Sie mit <a href=\"https:\/\/fachanwaelte-berlin.de\/olav-sydow-rechtsanwalt\/\">Rechtsanwalt Olav Sydow<\/a> und <a href=\"https:\/\/fachanwaelte-berlin.de\/rechtsanwaeltin-anja-bothe\/\">Rechtsanw\u00e4ltin Anja Bothe<\/a> sachkundige, kompetente und auf Wirtschaftsrecht spezialisierte Ansprechpartner, der Sie bei allen auftretenden Problemen unterst\u00fctzen.<\/p>\n<p style=\"text-align: justify;\">Neben der juristischen Beratung und Vertretung haben wir dabei auch immer wirtschaftliche \u00dcberlegungen im Blick, sowohl Rechtsanwalt Sydow als auch Rechtsanw\u00e4ltin Bothe haben zudem Betriebswirtschaft studiert.<\/p>\n<p style=\"text-align: justify;\">Unsere Mandanten sch\u00e4tzen uns als pers\u00f6nliche und kompetente Ansprechpartner, die immer ein offenes Ohr haben und bei Bedarf auch innerhalb k\u00fcrzester Frist pers\u00f6nlich erreichbar sind und t\u00e4tig werden.<\/p>\n<h2>Kanzlei f\u00fcr deutsches und internationales Wirtschaftsrecht<\/h2>\n<p style=\"text-align: justify;\">Wir sind keine Anwaltsfabrik, sondern eine Kanzlei mit Herz und Verstand. Eine kalte vermeintliche Business-Professionalit\u00e4t werden Sie bei uns ebensowenig finden wie exorbitante Stundensatz-Honorarforderungen, daf\u00fcr freundliche und offene Berater, die sich selbst nicht zu wichtig nehmen, sondern die Ihre Belange wichtig nehmen. Wir sind pers\u00f6nlich f\u00fcr Sie da und erreichbar und freuen uns, wenn wir Ihnen mit unserer Expertise beistehen k\u00f6nnen.<\/p>\n<p style=\"text-align: justify;\">Als erfahrene Berater und Gestalter sind wir in s\u00e4mtlichen Belangen an Ihrer Seite wie z.B.:<\/p>\n<ul>\n<li style=\"text-align: justify;\">in Fragen des t\u00e4glichen Gesch\u00e4ftsbetriebs<\/li>\n<li style=\"text-align: justify;\">der Anfertigung und \u00dcberpr\u00fcfung von Vertr\u00e4gen und Vereinbarungen<\/li>\n<li style=\"text-align: justify;\">arbeitsrechtlichen Themen<\/li>\n<li style=\"text-align: justify;\">Vertragsgestaltungen,<\/li>\n<li style=\"text-align: justify;\">Allgemeinen Gesch\u00e4ftsbedingungen<\/li>\n<li style=\"text-align: justify;\">Geltendmachung und Abwehr von Forderungen<\/li>\n<li style=\"text-align: justify;\">der immer wichtiger werdenden Compliance<\/li>\n<li style=\"text-align: justify;\">Gesch\u00e4ftsbeziehungen zu Kunden und Lieferanten, Banken und Versicherungen<\/li>\n<\/ul>\n<p>und vieles mehr<\/p>\n<p style=\"text-align: justify;\">Wenn gerichtliche Auseinandersetzungen erforderlich sind, vertreten wir Sie nachdr\u00fccklich und durchsetzungsstark, aber immer auch mit Blick f\u00fcrs gr\u00f6\u00dfere Ganze und mit Ideen f\u00fcr neue L\u00f6sungen. Unsere besondere Kompetenz im Bereich von Streitschlichtung und Mediation kommt Ihnen dabei auch zugute.<\/p>\n<p style=\"text-align: justify;\">Um alle Fragen ausf\u00fchrlich und in Ruhe zu kl\u00e4ren, vereinbaren Sie gerne einen Besprechungstermin in unserer Anwaltskanzlei in Berlin | Bezirk Tempelhof-Sch\u00f6neberg.<\/p>\n","protected":false},"excerpt":{"rendered":"<p>&#8220;Manche betrachten die Privatwirtschaft als einen r\u00e4uberischen Tiger, den es zu erlegen gilt. Andere sehen in ihr eine Kuh, die man ununterbrochen melken kann. Nur ganz wenige sehen sie als das, was sie wirklich ist &#8211; das starke Pferd, das den ganzen Wagen zieht.&#8221; &#8211; Zitat Winston Churchill Im Wirtschaftsrecht helfen und weisen wir Ihnen.<\/p>\n","protected":false},"author":1,"featured_media":0,"parent":0,"menu_order":0,"comment_status":"closed","ping_status":"closed","template":"","meta":{"footnotes":""},"class_list":["post-2600","page","type-page","status-publish","hentry"],"yoast_head":"<!-- This site is optimized with the Yoast SEO Premium plugin v26.6 (Yoast SEO v26.8) - https:\/\/yoast.com\/product\/yoast-seo-premium-wordpress\/ -->\n<title>Lawyers for business law in Berlin<\/title>\n<meta name=\"description\" content=\"Your lawyers for commercial law in Berlin: Olav Sydow and Anja Bothe. Law firm BORGMANN \u2022 SYDOW \u2022 BOTHE - District Tempelhof-Schoeneberg. Get competent advice now\" \/>\n<meta name=\"robots\" content=\"index, follow, max-snippet:-1, max-image-preview:large, max-video-preview:-1\" \/>\n<link rel=\"canonical\" href=\"https:\/\/fachanwaelte-berlin.de\/en\/business-law\/\" \/>\n<meta property=\"og:locale\" content=\"en_US\" \/>\n<meta property=\"og:type\" content=\"article\" \/>\n<meta property=\"og:title\" content=\"Lawyers Business Law Berlin\" \/>\n<meta property=\"og:description\" content=\"Your lawyers for commercial law in Berlin: Olav Sydow and Anja Bothe. Law firm BORGMANN \u2022 SYDOW \u2022 BOTHE - District Tempelhof-Schoeneberg. Get competent advice now\" \/>\n<meta property=\"og:url\" content=\"https:\/\/fachanwaelte-berlin.de\/en\/business-law\/\" \/>\n<meta property=\"og:site_name\" content=\"BORGMANN \u2022 SYDOW \u2022 BOTHE\" \/>\n<meta property=\"article:modified_time\" content=\"2022-11-03T10:37:14+00:00\" \/>\n<meta property=\"og:image\" content=\"https:\/\/fachanwaelte-berlin.de\/wp-content\/uploads\/2015\/01\/anja-bothe-profil-hoch-web.jpg\" \/>\n<meta name=\"twitter:card\" content=\"summary_large_image\" \/>\n<meta name=\"twitter:label1\" content=\"Est. reading time\" \/>\n\t<meta name=\"twitter:data1\" content=\"1 minute\" \/>\n<script type=\"application\/ld+json\" class=\"yoast-schema-graph\">{\"@context\":\"https:\/\/schema.org\",\"@graph\":[{\"@type\":\"WebPage\",\"@id\":\"https:\/\/fachanwaelte-berlin.de\/en\/business-law\/\",\"url\":\"https:\/\/fachanwaelte-berlin.de\/en\/business-law\/\",\"name\":\"Lawyers for business law in Berlin\",\"isPartOf\":{\"@id\":\"https:\/\/fachanwaelte-berlin.de\/en\/#website\"},\"primaryImageOfPage\":{\"@id\":\"https:\/\/fachanwaelte-berlin.de\/en\/business-law\/#primaryimage\"},\"image\":{\"@id\":\"https:\/\/fachanwaelte-berlin.de\/en\/business-law\/#primaryimage\"},\"thumbnailUrl\":\"https:\/\/fachanwaelte-berlin.de\/wp-content\/uploads\/2015\/01\/anja-bothe-profil-hoch-web.jpg\",\"datePublished\":\"2018-06-14T17:52:08+00:00\",\"dateModified\":\"2022-11-03T10:37:14+00:00\",\"description\":\"Your lawyers for commercial law in Berlin: Olav Sydow and Anja Bothe. Law firm BORGMANN \u2022 SYDOW \u2022 BOTHE - District Tempelhof-Schoeneberg. Get competent advice now\",\"breadcrumb\":{\"@id\":\"https:\/\/fachanwaelte-berlin.de\/en\/business-law\/#breadcrumb\"},\"inLanguage\":\"en-US\",\"potentialAction\":[{\"@type\":\"ReadAction\",\"target\":[\"https:\/\/fachanwaelte-berlin.de\/en\/business-law\/\"]}]},{\"@type\":\"ImageObject\",\"inLanguage\":\"en-US\",\"@id\":\"https:\/\/fachanwaelte-berlin.de\/en\/business-law\/#primaryimage\",\"url\":\"https:\/\/fachanwaelte-berlin.de\/wp-content\/uploads\/2015\/01\/anja-bothe-profil-hoch-web.jpg\",\"contentUrl\":\"https:\/\/fachanwaelte-berlin.de\/wp-content\/uploads\/2015\/01\/anja-bothe-profil-hoch-web.jpg\"},{\"@type\":\"BreadcrumbList\",\"@id\":\"https:\/\/fachanwaelte-berlin.de\/en\/business-law\/#breadcrumb\",\"itemListElement\":[{\"@type\":\"ListItem\",\"position\":1,\"name\":\"Homepage\",\"item\":\"https:\/\/fachanwaelte-berlin.de\/en\/\"},{\"@type\":\"ListItem\",\"position\":2,\"name\":\"Lawyers Business Law Berlin\"}]},{\"@type\":\"WebSite\",\"@id\":\"https:\/\/fachanwaelte-berlin.de\/en\/#website\",\"url\":\"https:\/\/fachanwaelte-berlin.de\/en\/\",\"name\":\"BORGMANN \u2022 SYDOW \u2022 BOTHE\",\"description\":\"The dedicated lawyers from Berlin will help you\",\"publisher\":{\"@id\":\"https:\/\/fachanwaelte-berlin.de\/en\/#organization\"},\"potentialAction\":[{\"@type\":\"SearchAction\",\"target\":{\"@type\":\"EntryPoint\",\"urlTemplate\":\"https:\/\/fachanwaelte-berlin.de\/en\/?s={search_term_string}\"},\"query-input\":{\"@type\":\"PropertyValueSpecification\",\"valueRequired\":true,\"valueName\":\"search_term_string\"}}],\"inLanguage\":\"en-US\"},{\"@type\":\"Organization\",\"@id\":\"https:\/\/fachanwaelte-berlin.de\/en\/#organization\",\"name\":\"Borgmann, Sydow, Bothe - Lawyers Partnership mbB\",\"url\":\"https:\/\/fachanwaelte-berlin.de\/en\/\",\"logo\":{\"@type\":\"ImageObject\",\"inLanguage\":\"en-US\",\"@id\":\"https:\/\/fachanwaelte-berlin.de\/en\/#\/schema\/logo\/image\/\",\"url\":\"https:\/\/fachanwaelte-berlin.de\/wp-content\/uploads\/2012\/11\/logo2.png\",\"contentUrl\":\"https:\/\/fachanwaelte-berlin.de\/wp-content\/uploads\/2012\/11\/logo2.png\",\"width\":380,\"height\":60,\"caption\":\"Borgmann, Sydow, Bothe - Lawyers Partnership mbB\"},\"image\":{\"@id\":\"https:\/\/fachanwaelte-berlin.de\/en\/#\/schema\/logo\/image\/\"}}]}<\/script>\n<!-- \/ Yoast SEO Premium plugin. -->","yoast_head_json":{"title":"Lawyers for business law in Berlin","description":"Your lawyers for commercial law in Berlin: Olav Sydow and Anja Bothe. Law firm BORGMANN \u2022 SYDOW \u2022 BOTHE - District Tempelhof-Schoeneberg. Get competent advice now","robots":{"index":"index","follow":"follow","max-snippet":"max-snippet:-1","max-image-preview":"max-image-preview:large","max-video-preview":"max-video-preview:-1"},"canonical":"https:\/\/fachanwaelte-berlin.de\/en\/business-law\/","og_locale":"en_US","og_type":"article","og_title":"Lawyers Business Law Berlin","og_description":"Your lawyers for commercial law in Berlin: Olav Sydow and Anja Bothe. Law firm BORGMANN \u2022 SYDOW \u2022 BOTHE - District Tempelhof-Schoeneberg. Get competent advice now","og_url":"https:\/\/fachanwaelte-berlin.de\/en\/business-law\/","og_site_name":"BORGMANN \u2022 SYDOW \u2022 BOTHE","article_modified_time":"2022-11-03T10:37:14+00:00","og_image":[{"url":"https:\/\/fachanwaelte-berlin.de\/wp-content\/uploads\/2015\/01\/anja-bothe-profil-hoch-web.jpg","type":"","width":"","height":""}],"twitter_card":"summary_large_image","twitter_misc":{"Est. reading time":"1 minute"},"schema":{"@context":"https:\/\/schema.org","@graph":[{"@type":"WebPage","@id":"https:\/\/fachanwaelte-berlin.de\/en\/business-law\/","url":"https:\/\/fachanwaelte-berlin.de\/en\/business-law\/","name":"Lawyers for business law in Berlin","isPartOf":{"@id":"https:\/\/fachanwaelte-berlin.de\/en\/#website"},"primaryImageOfPage":{"@id":"https:\/\/fachanwaelte-berlin.de\/en\/business-law\/#primaryimage"},"image":{"@id":"https:\/\/fachanwaelte-berlin.de\/en\/business-law\/#primaryimage"},"thumbnailUrl":"https:\/\/fachanwaelte-berlin.de\/wp-content\/uploads\/2015\/01\/anja-bothe-profil-hoch-web.jpg","datePublished":"2018-06-14T17:52:08+00:00","dateModified":"2022-11-03T10:37:14+00:00","description":"Your lawyers for commercial law in Berlin: Olav Sydow and Anja Bothe. Law firm BORGMANN \u2022 SYDOW \u2022 BOTHE - District Tempelhof-Schoeneberg. Get competent advice now","breadcrumb":{"@id":"https:\/\/fachanwaelte-berlin.de\/en\/business-law\/#breadcrumb"},"inLanguage":"en-US","potentialAction":[{"@type":"ReadAction","target":["https:\/\/fachanwaelte-berlin.de\/en\/business-law\/"]}]},{"@type":"ImageObject","inLanguage":"en-US","@id":"https:\/\/fachanwaelte-berlin.de\/en\/business-law\/#primaryimage","url":"https:\/\/fachanwaelte-berlin.de\/wp-content\/uploads\/2015\/01\/anja-bothe-profil-hoch-web.jpg","contentUrl":"https:\/\/fachanwaelte-berlin.de\/wp-content\/uploads\/2015\/01\/anja-bothe-profil-hoch-web.jpg"},{"@type":"BreadcrumbList","@id":"https:\/\/fachanwaelte-berlin.de\/en\/business-law\/#breadcrumb","itemListElement":[{"@type":"ListItem","position":1,"name":"Homepage","item":"https:\/\/fachanwaelte-berlin.de\/en\/"},{"@type":"ListItem","position":2,"name":"Lawyers Business Law Berlin"}]},{"@type":"WebSite","@id":"https:\/\/fachanwaelte-berlin.de\/en\/#website","url":"https:\/\/fachanwaelte-berlin.de\/en\/","name":"BORGMANN \u2022 SYDOW \u2022 BOTHE","description":"The dedicated lawyers from Berlin will help you","publisher":{"@id":"https:\/\/fachanwaelte-berlin.de\/en\/#organization"},"potentialAction":[{"@type":"SearchAction","target":{"@type":"EntryPoint","urlTemplate":"https:\/\/fachanwaelte-berlin.de\/en\/?s={search_term_string}"},"query-input":{"@type":"PropertyValueSpecification","valueRequired":true,"valueName":"search_term_string"}}],"inLanguage":"en-US"},{"@type":"Organization","@id":"https:\/\/fachanwaelte-berlin.de\/en\/#organization","name":"Borgmann, Sydow, Bothe - Lawyers Partnership mbB","url":"https:\/\/fachanwaelte-berlin.de\/en\/","logo":{"@type":"ImageObject","inLanguage":"en-US","@id":"https:\/\/fachanwaelte-berlin.de\/en\/#\/schema\/logo\/image\/","url":"https:\/\/fachanwaelte-berlin.de\/wp-content\/uploads\/2012\/11\/logo2.png","contentUrl":"https:\/\/fachanwaelte-berlin.de\/wp-content\/uploads\/2012\/11\/logo2.png","width":380,"height":60,"caption":"Borgmann, Sydow, Bothe - Lawyers Partnership mbB"},"image":{"@id":"https:\/\/fachanwaelte-berlin.de\/en\/#\/schema\/logo\/image\/"}}]}},"_links":{"self":[{"href":"https:\/\/fachanwaelte-berlin.de\/en\/wp-json\/wp\/v2\/pages\/2600","targetHints":{"allow":["GET"]}}],"collection":[{"href":"https:\/\/fachanwaelte-berlin.de\/en\/wp-json\/wp\/v2\/pages"}],"about":[{"href":"https:\/\/fachanwaelte-berlin.de\/en\/wp-json\/wp\/v2\/types\/page"}],"author":[{"embeddable":true,"href":"https:\/\/fachanwaelte-berlin.de\/en\/wp-json\/wp\/v2\/users\/1"}],"replies":[{"embeddable":true,"href":"https:\/\/fachanwaelte-berlin.de\/en\/wp-json\/wp\/v2\/comments?post=2600"}],"version-history":[{"count":18,"href":"https:\/\/fachanwaelte-berlin.de\/en\/wp-json\/wp\/v2\/pages\/2600\/revisions"}],"predecessor-version":[{"id":3611,"href":"https:\/\/fachanwaelte-berlin.de\/en\/wp-json\/wp\/v2\/pages\/2600\/revisions\/3611"}],"wp:attachment":[{"href":"https:\/\/fachanwaelte-berlin.de\/en\/wp-json\/wp\/v2\/media?parent=2600"}],"curies":[{"name":"wp","href":"https:\/\/api.w.org\/{rel}","templated":true}]}}